{"id":390,"date":"2026-02-16T21:08:17","date_gmt":"2026-02-16T21:08:17","guid":{"rendered":"https:\/\/4play.bet.br\/blog\/?page_id=390"},"modified":"2026-03-10T18:04:07","modified_gmt":"2026-03-10T18:04:07","slug":"escola-de-apostas","status":"publish","type":"page","link":"https:\/\/4play.bet.br\/blog\/escola-de-apostas\/","title":{"rendered":"Escola de Apostas"},"content":{"rendered":"\t\t<div data-elementor-type=\"wp-page\" data-elementor-id=\"390\" class=\"elementor elementor-390\" data-elementor-post-type=\"page\">\n\t\t\t\t<div class=\"elementor-element elementor-element-3fbb4c7 e-flex e-con-boxed e-con e-parent\" data-id=\"3fbb4c7\" data-element_type=\"container\" data-e-type=\"container\">\n\t\t\t\t\t<div class=\"e-con-inner\">\n\t\t\t\t<div class=\"elementor-element elementor-element-5590a83 elementor-pagination-type-bullets elementor-pagination-position-outside elementor-invisible elementor-widget elementor-widget-loop-carousel\" data-id=\"5590a83\" data-element_type=\"widget\" data-e-type=\"widget\" data-settings=\"{&quot;template_id&quot;:&quot;343&quot;,&quot;offset_sides&quot;:&quot;right&quot;,&quot;_animation&quot;:&quot;fadeIn&quot;,&quot;_skin&quot;:&quot;post&quot;,&quot;slides_to_show&quot;:&quot;3&quot;,&quot;slides_to_show_tablet&quot;:&quot;2&quot;,&quot;slides_to_show_mobile&quot;:&quot;1&quot;,&quot;slides_to_scroll&quot;:&quot;1&quot;,&quot;edit_handle_selector&quot;:&quot;.elementor-loop-container&quot;,&quot;autoplay&quot;:&quot;yes&quot;,&quot;autoplay_speed&quot;:5000,&quot;pause_on_hover&quot;:&quot;yes&quot;,&quot;pause_on_interaction&quot;:&quot;yes&quot;,&quot;infinite&quot;:&quot;yes&quot;,&quot;speed&quot;:500,&quot;offset_width&quot;:{&quot;unit&quot;:&quot;px&quot;,&quot;size&quot;:80,&quot;sizes&quot;:[]},&quot;offset_width_tablet&quot;:{&quot;unit&quot;:&quot;px&quot;,&quot;size&quot;:&quot;&quot;,&quot;sizes&quot;:[]},&quot;offset_width_mobile&quot;:{&quot;unit&quot;:&quot;px&quot;,&quot;size&quot;:&quot;&quot;,&quot;sizes&quot;:[]},&quot;pagination&quot;:&quot;bullets&quot;,&quot;image_spacing_custom&quot;:{&quot;unit&quot;:&quot;px&quot;,&quot;size&quot;:10,&quot;sizes&quot;:[]},&quot;image_spacing_custom_tablet&quot;:{&quot;unit&quot;:&quot;px&quot;,&quot;size&quot;:&quot;&quot;,&quot;sizes&quot;:[]},&quot;image_spacing_custom_mobile&quot;:{&quot;unit&quot;:&quot;px&quot;,&quot;size&quot;:&quot;&quot;,&quot;sizes&quot;:[]}}\" data-widget_type=\"loop-carousel.post\">\n\t\t\t\t\t\t\t<div class=\"swiper elementor-loop-container elementor-grid\" role=\"list\" dir=\"ltr\">\n\t\t\t\t<div class=\"swiper-wrapper\" aria-live=\"off\">\n\t\t<style id=\"loop-343\">.elementor-343 .elementor-element.elementor-element-ba9417b{--display:flex;--flex-direction:column;--container-widget-width:100%;--container-widget-height:initial;--container-widget-flex-grow:0;--container-widget-align-self:initial;--flex-wrap-mobile:wrap;--gap:12px 12px;--row-gap:12px;--column-gap:12px;--flex-wrap:nowrap;--overflow:hidden;--border-radius:22px 22px 22px 22px;--margin-top:3px;--margin-bottom:2px;--margin-left:2px;--margin-right:2px;}.elementor-343 .elementor-element.elementor-element-ba9417b:not(.elementor-motion-effects-element-type-background), .elementor-343 .elementor-element.elementor-element-ba9417b > .elementor-motion-effects-container > .elementor-motion-effects-layer{background-color:var( --e-global-color-3ac4af8 );}.elementor-widget-theme-post-featured-image .widget-image-caption{color:var( --e-global-color-text );font-family:var( --e-global-typography-text-font-family ), Sans-serif;font-weight:var( --e-global-typography-text-font-weight );}.elementor-343 .elementor-element.elementor-element-d2a1842 img{width:100%;border-radius:18px 18px 18px 18px;}.elementor-widget-theme-post-title .elementor-heading-title{font-family:var( --e-global-typography-primary-font-family ), Sans-serif;font-weight:var( --e-global-typography-primary-font-weight );color:var( --e-global-color-primary );}.elementor-343 .elementor-element.elementor-element-377d4ca .elementor-heading-title{color:var( --e-global-color-text );}.elementor-343 .elementor-element.elementor-element-377d4ca{padding:10px 10px 10px 10px;}<\/style>\t\t<div data-elementor-type=\"loop-item\" data-elementor-id=\"343\" class=\"elementor elementor-343 swiper-slide e-loop-item e-loop-item-570 post-570 post type-post status-publish format-standard has-post-thumbnail hentry category-cassino category-destaque-institucional category-informativo\" data-elementor-post-type=\"elementor_library\" role=\"group\" aria-roledescription=\"slide\" data-custom-edit-handle=\"1\">\n\t\t\t<a class=\"elementor-element elementor-element-ba9417b e-flex e-con-boxed e-con e-parent\" data-id=\"ba9417b\" data-element_type=\"container\" data-e-type=\"container\" data-settings=\"{&quot;background_background&quot;:&quot;classic&quot;}\" href=\"https:\/\/4play.bet.br\/blog\/melhores-slots-para-ganhar-dinheiro\/\">\n\t\t\t\t\t<div class=\"e-con-inner\">\n\t\t\t\t<div class=\"elementor-element elementor-element-d2a1842 elementor-widget elementor-widget-theme-post-featured-image elementor-widget-image\" data-id=\"d2a1842\" data-element_type=\"widget\" data-e-type=\"widget\" data-widget_type=\"theme-post-featured-image.default\">\n\t\t\t\t\t\t\t\t\t\t\t\t\t\t\t<img fetchpriority=\"high\" decoding=\"async\" width=\"450\" height=\"211\" src=\"https:\/\/4play.bet.br\/blog\/wp-content\/uploads\/2026\/02\/THUMB-MELHORES-SLOTS-PRA-GANHAR-DINHEIRO.webp\" class=\"attachment-full size-full wp-image-901\" alt=\"\" srcset=\"https:\/\/4play.bet.br\/blog\/wp-content\/uploads\/2026\/02\/THUMB-MELHORES-SLOTS-PRA-GANHAR-DINHEIRO.webp 450w, https:\/\/4play.bet.br\/blog\/wp-content\/uploads\/2026\/02\/THUMB-MELHORES-SLOTS-PRA-GANHAR-DINHEIRO-300x141.webp 300w\" sizes=\"(max-width: 450px) 100vw, 450px\" \/>\t\t\t\t\t\t\t\t\t\t\t\t\t\t\t<\/div>\n\t\t\t\t<div class=\"elementor-element elementor-element-377d4ca elementor-widget elementor-widget-theme-post-title elementor-page-title elementor-widget-heading\" data-id=\"377d4ca\" data-element_type=\"widget\" data-e-type=\"widget\" data-widget_type=\"theme-post-title.default\">\n\t\t\t\t\t<h5 class=\"elementor-heading-title elementor-size-default\">Melhores slots para ganhar dinheiro na 4PlayBet<\/h5>\t\t\t\t<\/div>\n\t\t\t\t\t<\/div>\n\t\t\t\t<\/a>\n\t\t\t\t<\/div>\n\t\t\t\t<\/div>\n\t\t<\/div>\n\t\t\t\t\t<div class=\"swiper-pagination\"><\/div>\n\t\t\t\t\t\t<\/div>\n\t\t\t\t<div class=\"elementor-element elementor-element-609385a e-n-tabs-none elementor-invisible elementor-widget elementor-widget-n-tabs\" data-id=\"609385a\" data-element_type=\"widget\" data-e-type=\"widget\" data-settings=\"{&quot;horizontal_scroll_mobile&quot;:&quot;enable&quot;,&quot;tabs_justify_horizontal&quot;:&quot;start&quot;,&quot;_animation&quot;:&quot;fadeIn&quot;,&quot;horizontal_scroll&quot;:&quot;disable&quot;}\" data-widget_type=\"nested-tabs.default\">\n\t\t\t\t\t\t\t<div class=\"e-n-tabs\" data-widget-number=\"101267546\" aria-label=\"Abas. Abra itens com &quot;Enter&quot; ou &quot;Espa\u00e7o&quot;, feche com &quot;Escape&quot; e navegue usando as teclas de &quot;Seta&quot;.\">\n\t\t\t<div class=\"e-n-tabs-heading\" role=\"tablist\">\n\t\t\t\t\t<button id=\"e-n-tab-title-1012675461\" data-tab-title-id=\"e-n-tab-title-1012675461\" class=\"e-n-tab-title\" aria-selected=\"true\" data-tab-index=\"1\" role=\"tab\" tabindex=\"0\" aria-controls=\"e-n-tab-content-1012675461\" style=\"--n-tabs-title-order: 1;\">\n\t\t\t\t\t\t<span class=\"e-n-tab-title-text\">\n\t\t\t\tTODOS\t\t\t<\/span>\n\t\t<\/button>\n\t\t\t\t\t<\/div>\n\t\t\t<div class=\"e-n-tabs-content\">\n\t\t\t\t<div id=\"e-n-tab-content-1012675461\" role=\"tabpanel\" aria-labelledby=\"e-n-tab-title-1012675461\" data-tab-index=\"1\" style=\"--n-tabs-title-order: 1;\" class=\"e-active elementor-element elementor-element-0f27d4f e-con-full e-flex e-con e-child\" data-id=\"0f27d4f\" data-element_type=\"container\" data-e-type=\"container\">\n\t\t\t\t<div class=\"elementor-element elementor-element-c551d97 elementor-grid-3 elementor-grid-tablet-2 elementor-grid-mobile-1 elementor-posts--thumbnail-top load-more-align-center elementor-invisible elementor-widget elementor-widget-posts\" data-id=\"c551d97\" data-element_type=\"widget\" data-e-type=\"widget\" data-settings=\"{&quot;pagination_type&quot;:&quot;load_more_on_click&quot;,&quot;_animation&quot;:&quot;fadeIn&quot;,&quot;classic_columns&quot;:&quot;3&quot;,&quot;classic_columns_tablet&quot;:&quot;2&quot;,&quot;classic_columns_mobile&quot;:&quot;1&quot;,&quot;classic_row_gap&quot;:{&quot;unit&quot;:&quot;px&quot;,&quot;size&quot;:35,&quot;sizes&quot;:[]},&quot;classic_row_gap_tablet&quot;:{&quot;unit&quot;:&quot;px&quot;,&quot;size&quot;:&quot;&quot;,&quot;sizes&quot;:[]},&quot;classic_row_gap_mobile&quot;:{&quot;unit&quot;:&quot;px&quot;,&quot;size&quot;:&quot;&quot;,&quot;sizes&quot;:[]},&quot;load_more_spinner&quot;:{&quot;value&quot;:&quot;fas fa-spinner&quot;,&quot;library&quot;:&quot;fa-solid&quot;}}\" data-widget_type=\"posts.classic\">\n\t\t\t\t<div class=\"elementor-widget-container\">\n\t\t\t\t\t\t\t<div class=\"elementor-posts-container elementor-posts elementor-posts--skin-classic elementor-grid\" role=\"list\">\n\t\t\t\t<article class=\"elementor-post elementor-grid-item post-918 post type-post status-publish format-standard has-post-thumbnail hentry category-informativo\" role=\"listitem\">\n\t\t\t\t<a class=\"elementor-post__thumbnail__link\" href=\"https:\/\/4play.bet.br\/blog\/cash-out-nas-apostas\/\" tabindex=\"-1\" >\n\t\t\t<div class=\"elementor-post__thumbnail\"><img decoding=\"async\" width=\"300\" height=\"200\" src=\"https:\/\/4play.bet.br\/blog\/wp-content\/uploads\/2026\/04\/cash-out-nas-apostas-300x200.jpg\" class=\"attachment-medium size-medium wp-image-919\" alt=\"Homem jovem sorridente usando um cachecol verde e branco, segurando um celular e comemorando com o punho cerrado. Ele est\u00e1 sentado em um sof\u00e1 com uma bola de futebol ao fundo e um lanche na mesa, representando o momento ideal para realizar o cash out nas apostas esportivas.\" srcset=\"https:\/\/4play.bet.br\/blog\/wp-content\/uploads\/2026\/04\/cash-out-nas-apostas-300x200.jpg 300w, https:\/\/4play.bet.br\/blog\/wp-content\/uploads\/2026\/04\/cash-out-nas-apostas.jpg 660w\" sizes=\"(max-width: 300px) 100vw, 300px\" \/><\/div>\n\t\t<\/a>\n\t\t\t\t<div class=\"elementor-post__text\">\n\t\t\t\t<h3 class=\"elementor-post__title\">\n\t\t\t<a href=\"https:\/\/4play.bet.br\/blog\/cash-out-nas-apostas\/\" >\n\t\t\t\tCash out nas apostas: como funciona e quando usar\t\t\t<\/a>\n\t\t<\/h3>\n\t\t\t\t<div class=\"elementor-post__meta-data\">\n\t\t\t\t\t<span class=\"elementor-post-date\">\n\t\t\t18 de abril , 2026\t\t<\/span>\n\t\t\t\t<span class=\"elementor-post-avatar\">\n\t\t\tNenhum coment\u00e1rio\t\t<\/span>\n\t\t\t\t<\/div>\n\t\t\t\t<div class=\"elementor-post__excerpt\">\n\t\t\t<p>Entenda o que \u00e9 cash out, como funciona nas apostas esportivas e quando usar para garantir lucro ou reduzir preju\u00edzos. <\/p>\n\t\t<\/div>\n\t\t\t\t\t<div class=\"elementor-post__read-more-wrapper\">\n\t\t\n\t\t<a class=\"elementor-post__read-more\" href=\"https:\/\/4play.bet.br\/blog\/cash-out-nas-apostas\/\" aria-label=\"Read more about Cash out nas apostas: como funciona e quando usar\" tabindex=\"-1\" >\n\t\t\tLer Mais \u00bb\t\t<\/a>\n\n\t\t\t\t\t<\/div>\n\t\t\t\t<\/div>\n\t\t\t\t<\/article>\n\t\t\t\t<article class=\"elementor-post elementor-grid-item post-805 post type-post status-publish format-standard hentry category-esporte category-informativo\" role=\"listitem\">\n\t\t\t\t<div class=\"elementor-post__text\">\n\t\t\t\t<h3 class=\"elementor-post__title\">\n\t\t\t<a href=\"https:\/\/4play.bet.br\/blog\/como-apostar-em-jogos-de-futebol\/\" >\n\t\t\t\tComo Apostar em Futebol: Guia Completo Para Entender Apostas Esportivas\t\t\t<\/a>\n\t\t<\/h3>\n\t\t\t\t<div class=\"elementor-post__meta-data\">\n\t\t\t\t\t<span class=\"elementor-post-date\">\n\t\t\t16 de mar\u00e7o , 2026\t\t<\/span>\n\t\t\t\t<span class=\"elementor-post-avatar\">\n\t\t\tNenhum coment\u00e1rio\t\t<\/span>\n\t\t\t\t<\/div>\n\t\t\t\t<div class=\"elementor-post__excerpt\">\n\t\t\t<p>As Apostas em Futebol se tornaram uma das formas mais populares de entretenimento esportivo nos \u00faltimos anos. Com diversas competi\u00e7\u00f5es acontecendo ao redor do mundo<\/p>\n\t\t<\/div>\n\t\t\t\t\t<div class=\"elementor-post__read-more-wrapper\">\n\t\t\n\t\t<a class=\"elementor-post__read-more\" href=\"https:\/\/4play.bet.br\/blog\/como-apostar-em-jogos-de-futebol\/\" aria-label=\"Read more about Como Apostar em Futebol: Guia Completo Para Entender Apostas Esportivas\" tabindex=\"-1\" >\n\t\t\tLer Mais \u00bb\t\t<\/a>\n\n\t\t\t\t\t<\/div>\n\t\t\t\t<\/div>\n\t\t\t\t<\/article>\n\t\t\t\t<article class=\"elementor-post elementor-grid-item post-570 post type-post status-publish format-standard has-post-thumbnail hentry category-cassino category-destaque-institucional category-informativo\" role=\"listitem\">\n\t\t\t\t<a class=\"elementor-post__thumbnail__link\" href=\"https:\/\/4play.bet.br\/blog\/melhores-slots-para-ganhar-dinheiro\/\" tabindex=\"-1\" >\n\t\t\t<div class=\"elementor-post__thumbnail\"><img decoding=\"async\" width=\"300\" height=\"141\" src=\"https:\/\/4play.bet.br\/blog\/wp-content\/uploads\/2026\/02\/THUMB-MELHORES-SLOTS-PRA-GANHAR-DINHEIRO-300x141.webp\" class=\"attachment-medium size-medium wp-image-901\" alt=\"\" srcset=\"https:\/\/4play.bet.br\/blog\/wp-content\/uploads\/2026\/02\/THUMB-MELHORES-SLOTS-PRA-GANHAR-DINHEIRO-300x141.webp 300w, https:\/\/4play.bet.br\/blog\/wp-content\/uploads\/2026\/02\/THUMB-MELHORES-SLOTS-PRA-GANHAR-DINHEIRO.webp 450w\" sizes=\"(max-width: 300px) 100vw, 300px\" \/><\/div>\n\t\t<\/a>\n\t\t\t\t<div class=\"elementor-post__text\">\n\t\t\t\t<h3 class=\"elementor-post__title\">\n\t\t\t<a href=\"https:\/\/4play.bet.br\/blog\/melhores-slots-para-ganhar-dinheiro\/\" >\n\t\t\t\tMelhores slots para ganhar dinheiro na 4PlayBet\t\t\t<\/a>\n\t\t<\/h3>\n\t\t\t\t<div class=\"elementor-post__meta-data\">\n\t\t\t\t\t<span class=\"elementor-post-date\">\n\t\t\t23 de fevereiro , 2026\t\t<\/span>\n\t\t\t\t<span class=\"elementor-post-avatar\">\n\t\t\tNenhum coment\u00e1rio\t\t<\/span>\n\t\t\t\t<\/div>\n\t\t\t\t<div class=\"elementor-post__excerpt\">\n\t\t\t<p>Veja os melhores slots para ganhar dinheiro, entenda RTP, volatilidade e aprenda a escolher jogos com mais equil\u00edbrio e estrat\u00e9gia.<\/p>\n\t\t<\/div>\n\t\t\t\t\t<div class=\"elementor-post__read-more-wrapper\">\n\t\t\n\t\t<a class=\"elementor-post__read-more\" href=\"https:\/\/4play.bet.br\/blog\/melhores-slots-para-ganhar-dinheiro\/\" aria-label=\"Read more about Melhores slots para ganhar dinheiro na 4PlayBet\" tabindex=\"-1\" >\n\t\t\tLer Mais \u00bb\t\t<\/a>\n\n\t\t\t\t\t<\/div>\n\t\t\t\t<\/div>\n\t\t\t\t<\/article>\n\t\t\t\t<article class=\"elementor-post elementor-grid-item post-498 post type-post status-publish format-standard has-post-thumbnail hentry category-informativo\" role=\"listitem\">\n\t\t\t\t<a class=\"elementor-post__thumbnail__link\" href=\"https:\/\/4play.bet.br\/blog\/dicas-de-apostas\/\" tabindex=\"-1\" >\n\t\t\t<div class=\"elementor-post__thumbnail\"><img loading=\"lazy\" decoding=\"async\" width=\"300\" height=\"141\" src=\"https:\/\/4play.bet.br\/blog\/wp-content\/uploads\/2026\/02\/Dicas-de-Apostas-300x141.webp\" class=\"attachment-medium size-medium wp-image-777\" alt=\"\" srcset=\"https:\/\/4play.bet.br\/blog\/wp-content\/uploads\/2026\/02\/Dicas-de-Apostas-300x141.webp 300w, https:\/\/4play.bet.br\/blog\/wp-content\/uploads\/2026\/02\/Dicas-de-Apostas-1024x480.webp 1024w, https:\/\/4play.bet.br\/blog\/wp-content\/uploads\/2026\/02\/Dicas-de-Apostas-768x360.webp 768w, https:\/\/4play.bet.br\/blog\/wp-content\/uploads\/2026\/02\/Dicas-de-Apostas.webp 1280w\" sizes=\"(max-width: 300px) 100vw, 300px\" \/><\/div>\n\t\t<\/a>\n\t\t\t\t<div class=\"elementor-post__text\">\n\t\t\t\t<h3 class=\"elementor-post__title\">\n\t\t\t<a href=\"https:\/\/4play.bet.br\/blog\/dicas-de-apostas\/\" >\n\t\t\t\t[TESTE] Dicas de Apostas\t\t\t<\/a>\n\t\t<\/h3>\n\t\t\t\t<div class=\"elementor-post__meta-data\">\n\t\t\t\t\t<span class=\"elementor-post-date\">\n\t\t\t18 de fevereiro , 2026\t\t<\/span>\n\t\t\t\t<span class=\"elementor-post-avatar\">\n\t\t\tNenhum coment\u00e1rio\t\t<\/span>\n\t\t\t\t<\/div>\n\t\t\t\t<div class=\"elementor-post__excerpt\">\n\t\t\t<p>Dicas de Apostas<\/p>\n\t\t<\/div>\n\t\t\t\t\t<div class=\"elementor-post__read-more-wrapper\">\n\t\t\n\t\t<a class=\"elementor-post__read-more\" href=\"https:\/\/4play.bet.br\/blog\/dicas-de-apostas\/\" aria-label=\"Read more about [TESTE] Dicas de Apostas\" tabindex=\"-1\" >\n\t\t\tLer Mais \u00bb\t\t<\/a>\n\n\t\t\t\t\t<\/div>\n\t\t\t\t<\/div>\n\t\t\t\t<\/article>\n\t\t\t\t<article class=\"elementor-post elementor-grid-item post-496 post type-post status-publish format-standard has-post-thumbnail hentry category-informativo\" role=\"listitem\">\n\t\t\t\t<a class=\"elementor-post__thumbnail__link\" href=\"https:\/\/4play.bet.br\/blog\/seguranca-total\/\" tabindex=\"-1\" >\n\t\t\t<div class=\"elementor-post__thumbnail\"><img loading=\"lazy\" decoding=\"async\" width=\"300\" height=\"141\" src=\"https:\/\/4play.bet.br\/blog\/wp-content\/uploads\/2026\/02\/Seguranca-Total-300x141.webp\" class=\"attachment-medium size-medium wp-image-776\" alt=\"\" srcset=\"https:\/\/4play.bet.br\/blog\/wp-content\/uploads\/2026\/02\/Seguranca-Total-300x141.webp 300w, https:\/\/4play.bet.br\/blog\/wp-content\/uploads\/2026\/02\/Seguranca-Total-1024x480.webp 1024w, https:\/\/4play.bet.br\/blog\/wp-content\/uploads\/2026\/02\/Seguranca-Total-768x360.webp 768w, https:\/\/4play.bet.br\/blog\/wp-content\/uploads\/2026\/02\/Seguranca-Total.webp 1280w\" sizes=\"(max-width: 300px) 100vw, 300px\" \/><\/div>\n\t\t<\/a>\n\t\t\t\t<div class=\"elementor-post__text\">\n\t\t\t\t<h3 class=\"elementor-post__title\">\n\t\t\t<a href=\"https:\/\/4play.bet.br\/blog\/seguranca-total\/\" >\n\t\t\t\t[TESTE] Seguran\u00e7a Total\t\t\t<\/a>\n\t\t<\/h3>\n\t\t\t\t<div class=\"elementor-post__meta-data\">\n\t\t\t\t\t<span class=\"elementor-post-date\">\n\t\t\t18 de fevereiro , 2026\t\t<\/span>\n\t\t\t\t<span class=\"elementor-post-avatar\">\n\t\t\tNenhum coment\u00e1rio\t\t<\/span>\n\t\t\t\t<\/div>\n\t\t\t\t<div class=\"elementor-post__excerpt\">\n\t\t\t<p>Seguran\u00e7a Total<\/p>\n\t\t<\/div>\n\t\t\t\t\t<div class=\"elementor-post__read-more-wrapper\">\n\t\t\n\t\t<a class=\"elementor-post__read-more\" href=\"https:\/\/4play.bet.br\/blog\/seguranca-total\/\" aria-label=\"Read more about [TESTE] Seguran\u00e7a Total\" tabindex=\"-1\" >\n\t\t\tLer Mais \u00bb\t\t<\/a>\n\n\t\t\t\t\t<\/div>\n\t\t\t\t<\/div>\n\t\t\t\t<\/article>\n\t\t\t\t<article class=\"elementor-post elementor-grid-item post-494 post type-post status-publish format-standard has-post-thumbnail hentry category-iniciantes\" role=\"listitem\">\n\t\t\t\t<a class=\"elementor-post__thumbnail__link\" href=\"https:\/\/4play.bet.br\/blog\/como-depositar\/\" tabindex=\"-1\" >\n\t\t\t<div class=\"elementor-post__thumbnail\"><img loading=\"lazy\" decoding=\"async\" width=\"300\" height=\"141\" src=\"https:\/\/4play.bet.br\/blog\/wp-content\/uploads\/2026\/02\/Como-Depositar-300x141.webp\" class=\"attachment-medium size-medium wp-image-775\" alt=\"\" srcset=\"https:\/\/4play.bet.br\/blog\/wp-content\/uploads\/2026\/02\/Como-Depositar-300x141.webp 300w, https:\/\/4play.bet.br\/blog\/wp-content\/uploads\/2026\/02\/Como-Depositar-1024x480.webp 1024w, https:\/\/4play.bet.br\/blog\/wp-content\/uploads\/2026\/02\/Como-Depositar-768x360.webp 768w, https:\/\/4play.bet.br\/blog\/wp-content\/uploads\/2026\/02\/Como-Depositar.webp 1280w\" sizes=\"(max-width: 300px) 100vw, 300px\" \/><\/div>\n\t\t<\/a>\n\t\t\t\t<div class=\"elementor-post__text\">\n\t\t\t\t<h3 class=\"elementor-post__title\">\n\t\t\t<a href=\"https:\/\/4play.bet.br\/blog\/como-depositar\/\" >\n\t\t\t\t[TESTE] Como Depositar\t\t\t<\/a>\n\t\t<\/h3>\n\t\t\t\t<div class=\"elementor-post__meta-data\">\n\t\t\t\t\t<span class=\"elementor-post-date\">\n\t\t\t18 de fevereiro , 2026\t\t<\/span>\n\t\t\t\t<span class=\"elementor-post-avatar\">\n\t\t\tNenhum coment\u00e1rio\t\t<\/span>\n\t\t\t\t<\/div>\n\t\t\t\t<div class=\"elementor-post__excerpt\">\n\t\t\t<p>Como depositar<\/p>\n\t\t<\/div>\n\t\t\t\t\t<div class=\"elementor-post__read-more-wrapper\">\n\t\t\n\t\t<a class=\"elementor-post__read-more\" href=\"https:\/\/4play.bet.br\/blog\/como-depositar\/\" aria-label=\"Read more about [TESTE] Como Depositar\" tabindex=\"-1\" >\n\t\t\tLer Mais \u00bb\t\t<\/a>\n\n\t\t\t\t\t<\/div>\n\t\t\t\t<\/div>\n\t\t\t\t<\/article>\n\t\t\t\t<\/div>\n\t\t\t\t\t<span class=\"e-load-more-spinner\">\n\t\t\t\t<svg aria-hidden=\"true\" class=\"e-font-icon-svg e-fas-spinner\" viewBox=\"0 0 512 512\" xmlns=\"http:\/\/www.w3.org\/2000\/svg\"><path d=\"M304 48c0 26.51-21.49 48-48 48s-48-21.49-48-48 21.49-48 48-48 48 21.49 48 48zm-48 368c-26.51 0-48 21.49-48 48s21.49 48 48 48 48-21.49 48-48-21.49-48-48-48zm208-208c-26.51 0-48 21.49-48 48s21.49 48 48 48 48-21.49 48-48-21.49-48-48-48zM96 256c0-26.51-21.49-48-48-48S0 229.49 0 256s21.49 48 48 48 48-21.49 48-48zm12.922 99.078c-26.51 0-48 21.49-48 48s21.49 48 48 48 48-21.49 48-48c0-26.509-21.491-48-48-48zm294.156 0c-26.51 0-48 21.49-48 48s21.49 48 48 48 48-21.49 48-48c0-26.509-21.49-48-48-48zM108.922 60.922c-26.51 0-48 21.49-48 48s21.49 48 48 48 48-21.49 48-48-21.491-48-48-48z\"><\/path><\/svg>\t\t\t<\/span>\n\t\t\n\t\t\t\t\t\t<\/div>\n\t\t\t\t<\/div>\n\t\t\t\t<\/div>\n\t\t\t\t\t<\/div>\n\t\t<\/div>\n\t\t\t\t\t\t<\/div>\n\t\t\t\t\t<\/div>\n\t\t\t\t<\/div>\n\t\t\t\t<\/div>\n\t\t","protected":false},"excerpt":{"rendered":"<p>TODOS Melhores slots para ganhar dinheiro na 4PlayBet fevereiro 23, 2026 Nenhum coment\u00e1rio Veja os melhores slots para ganhar dinheiro, entenda RTP, volatilidade e aprenda a escolher jogos com mais equil\u00edbrio e estrat\u00e9gia. Ler Mais \u00bb [TESTE] Seguran\u00e7a Total fevereiro 18, 2026 Nenhum coment\u00e1rio Seguran\u00e7a Total Ler Mais \u00bb [TESTE] Como Depositar fevereiro 18, 2026 [&hellip;]<\/p>\n","protected":false},"author":2,"featured_media":0,"parent":0,"menu_order":0,"comment_status":"closed","ping_status":"closed","template":"","meta":{"_acf_changed":false,"footnotes":""},"class_list":["post-390","page","type-page","status-publish","hentry"],"acf":[],"_links":{"self":[{"href":"https:\/\/4play.bet.br\/blog\/wp-json\/wp\/v2\/pages\/390","targetHints":{"allow":["GET"]}}],"collection":[{"href":"https:\/\/4play.bet.br\/blog\/wp-json\/wp\/v2\/pages"}],"about":[{"href":"https:\/\/4play.bet.br\/blog\/wp-json\/wp\/v2\/types\/page"}],"author":[{"embeddable":true,"href":"https:\/\/4play.bet.br\/blog\/wp-json\/wp\/v2\/users\/2"}],"replies":[{"embeddable":true,"href":"https:\/\/4play.bet.br\/blog\/wp-json\/wp\/v2\/comments?post=390"}],"version-history":[{"count":13,"href":"https:\/\/4play.bet.br\/blog\/wp-json\/wp\/v2\/pages\/390\/revisions"}],"predecessor-version":[{"id":659,"href":"https:\/\/4play.bet.br\/blog\/wp-json\/wp\/v2\/pages\/390\/revisions\/659"}],"wp:attachment":[{"href":"https:\/\/4play.bet.br\/blog\/wp-json\/wp\/v2\/media?parent=390"}],"curies":[{"name":"wp","href":"https:\/\/api.w.org\/{rel}","templated":true}]}}